{"id":338,"date":"2025-03-10T12:15:59","date_gmt":"2025-03-10T09:15:59","guid":{"rendered":"https:\/\/sigorta.nesiblog.com\/?page_id=338"},"modified":"2025-03-10T12:16:00","modified_gmt":"2025-03-10T09:16:00","slug":"kasko-sigortasi","status":"publish","type":"page","link":"https:\/\/sigorta.nesiblog.com\/?page_id=338","title":{"rendered":"Kasko\u00a0Sigortas\u0131"},"content":{"rendered":"\n<p>Kasko iste\u011fe ba\u011fl\u0131 bir sigorta t\u00fcr\u00fcd\u00fcr. Arac\u0131n yanmas\u0131, \u00e7al\u0131nmas\u0131 gibi standart teminatlar d\u0131\u015f\u0131nda sigortal\u0131n\u0131n talebi do\u011frultusunda ek teminatlar ile sigorta kapsam\u0131 geni\u015fletilebilir. Poli\u00e7ede aksi belirtilmedi\u011fi s\u00fcrece kasko sadece T\u00fcrkiye s\u0131n\u0131rlar\u0131 i\u00e7inde ge\u00e7erlidir.<\/p>\n\n\n\n<p>Bu sigorta ile sigortac\u0131, sigortal\u0131n\u0131n poli\u00e7ede belirtilen ve karayolunda kullanma izni olan motorlu ve motorsuz kara ara\u00e7lar\u0131ndan, r\u00f6mork veya karavanlardan i\u015f makinelerinden, lastik tekerlekli trakt\u00f6rler, di\u011fer zirai tar\u0131m makinelerinden do\u011fan menfaatin a\u015fa\u011f\u0131da belirtilen risklerin ger\u00e7ekle\u015fmesi sonucunda do\u011frudan u\u011frayaca\u011f\u0131 maddi zararlar\u0131 teminat alt\u0131na al\u0131r.<\/p>\n\n\n\n<p>a) Arac\u0131n karayolunda veya demiryolunda kullan\u0131labilen motorlu, motorsuz ara\u00e7larla \u00e7arp\u0131\u015fmas\u0131,<\/p>\n\n\n\n<p>b) Gerek hareket gerek durma halinde iken sigortal\u0131n\u0131n veya arac\u0131 kullanan\u0131n iradesi d\u0131\u015f\u0131nda araca ani ve harici etkiler neticesinde sabit veya hareketli bir cismin \u00e7arpmas\u0131 veya arac\u0131n b\u00f6yle bir cisme \u00e7arpmas\u0131, devrilmesi, d\u00fc\u015fmesi, yuvarlanmas\u0131 gibi kazalar,<\/p>\n\n\n\n<p>c) \u00dc\u00e7\u00fcnc\u00fc ki\u015filerin k\u00f6t\u00fc niyet veya muziplikle yapt\u0131klar\u0131 hareketler, ile fiil ehliyetine sahip olmayan ki\u015filerin yol a\u00e7aca\u011f\u0131 zararlar,<\/p>\n\n\n\n<p>d) Arac\u0131n yanmas\u0131,<\/p>\n\n\n\n<p>e) Arac\u0131n veya ara\u00e7 par\u00e7alar\u0131n\u0131n \u00e7al\u0131nmas\u0131 veya \u00e7al\u0131nmaya te\u015febb\u00fcs edilmesi<\/p>\n\n\n\n<p>Kasko sigortas\u0131 uygulamas\u0131nda a\u015fa\u011f\u0131daki \u00fcr\u00fcn isimleri alt\u0131nda ve i\u00e7eriklerinde teminat verilir.<\/p>\n\n\n\n<p><strong>Dar Kasko:&nbsp;<\/strong>Yukar\u0131daki teminat gruplar\u0131ndan bir k\u0131sm\u0131 i\u00e7in teminat\u0131n verildi\u011fi \u00fcr\u00fcnd\u00fcr.<\/p>\n\n\n\n<p><strong>Kasko:<\/strong>&nbsp;Yukar\u0131daki teminat gruplar\u0131n\u0131n tamam\u0131 i\u00e7in teminat\u0131n verildi\u011fi \u00fcr\u00fcnd\u00fcr<\/p>\n\n\n\n<p><strong>Geni\u015fletilmi\u015f Kasko:<\/strong>Yukar\u0131daki teminat gruplar\u0131n\u0131n tamam\u0131 ve bu genel \u015fartlarda ek s\u00f6zle\u015fme ile teminat kapsam\u0131na dahil edilebilecek risklerden bir k\u0131sm\u0131 i\u00e7in teminat\u0131n verildi\u011fi \u00fcr\u00fcnd\u00fcr.<\/p>\n\n\n\n<p><strong>Tam Kasko:&nbsp;<\/strong>Yukar\u0131daki teminat gruplar\u0131n\u0131n tamam\u0131 ve bu genel \u015fartlarda ek s\u00f6zle\u015fme ile teminat kapsam\u0131na dahil edilebilecek t\u00fcm riskler i\u00e7in teminat\u0131n verildi\u011fi \u00fcr\u00fcnd\u00fcr.<\/p>\n","protected":false},"excerpt":{"rendered":"<p>Kasko iste\u011fe ba\u011fl\u0131 bir sigorta t\u00fcr\u00fcd\u00fcr. Arac\u0131n yanmas\u0131, \u00e7al\u0131nmas\u0131 gibi standart teminatlar d\u0131\u015f\u0131nda sigortal\u0131n\u0131n talebi do\u011frultusunda ek teminatlar ile sigorta kapsam\u0131 geni\u015fletilebilir. Poli\u00e7ede aksi belirtilmedi\u011fi s\u00fcrece kasko sadece T\u00fcrkiye s\u0131n\u0131rlar\u0131 i\u00e7inde ge\u00e7erlidir. Bu sigorta ile sigortac\u0131, sigortal\u0131n\u0131n poli\u00e7ede belirtilen ve<\/p>\n","protected":false},"author":1,"featured_media":328,"parent":0,"menu_order":0,"comment_status":"closed","ping_status":"closed","template":"","meta":{"footnotes":""},"class_list":["post-338","page","type-page","status-publish","has-post-thumbnail","hentry"],"_links":{"self":[{"href":"https:\/\/sigorta.nesiblog.com\/index.php?rest_route=\/wp\/v2\/pages\/338","targetHints":{"allow":["GET"]}}],"collection":[{"href":"https:\/\/sigorta.nesiblog.com\/index.php?rest_route=\/wp\/v2\/pages"}],"about":[{"href":"https:\/\/sigorta.nesiblog.com\/index.php?rest_route=\/wp\/v2\/types\/page"}],"author":[{"embeddable":true,"href":"https:\/\/sigorta.nesiblog.com\/index.php?rest_route=\/wp\/v2\/users\/1"}],"replies":[{"embeddable":true,"href":"https:\/\/sigorta.nesiblog.com\/index.php?rest_route=%2Fwp%2Fv2%2Fcomments&post=338"}],"version-history":[{"count":1,"href":"https:\/\/sigorta.nesiblog.com\/index.php?rest_route=\/wp\/v2\/pages\/338\/revisions"}],"predecessor-version":[{"id":339,"href":"https:\/\/sigorta.nesiblog.com\/index.php?rest_route=\/wp\/v2\/pages\/338\/revisions\/339"}],"wp:featuredmedia":[{"embeddable":true,"href":"https:\/\/sigorta.nesiblog.com\/index.php?rest_route=\/wp\/v2\/media\/328"}],"wp:attachment":[{"href":"https:\/\/sigorta.nesiblog.com\/index.php?rest_route=%2Fwp%2Fv2%2Fmedia&parent=338"}],"curies":[{"name":"wp","href":"https:\/\/api.w.org\/{rel}","templated":true}]}}