{"id":340,"date":"2025-03-10T12:16:30","date_gmt":"2025-03-10T09:16:30","guid":{"rendered":"https:\/\/sigorta.nesiblog.com\/?page_id=340"},"modified":"2025-03-10T12:16:31","modified_gmt":"2025-03-10T09:16:31","slug":"trafik-sigortasi","status":"publish","type":"page","link":"https:\/\/sigorta.nesiblog.com\/?page_id=340","title":{"rendered":"Trafik\u00a0Sigortas\u0131"},"content":{"rendered":"\n<p>Zorunlu trafik sigortas\u0131, her ara\u00e7 sahibi taraf\u0131ndan yapt\u0131r\u0131lmas\u0131 zorunlu olan ve&nbsp;hasar&nbsp;an\u0131nda 3. \u015fah\u0131slara verilebilecek bedeni ve maddi zararlar\u0131&nbsp;g\u00fcvence alt\u0131na alan bir sigortad\u0131r. Zorunlu trafik sigortas\u0131&nbsp;yapt\u0131rmayan ara\u00e7lar trafi\u011fe \u00e7\u0131kamazlar. Bu sigorta \u00e7e\u015fidi T\u00fcrkiye s\u0131n\u0131rlar\u0131 i\u00e7erisinde&nbsp;ge\u00e7erlidir.<\/p>\n\n\n\n<p>Sigortac\u0131, poli\u00e7ede tan\u0131mlanan motorlu arac\u0131n i\u015fletilmesi s\u0131ras\u0131nda, bir kimsenin \u00f6l\u00fcm\u00fcne veya yaralanmas\u0131na veya bir \u015feyin zarara u\u011framas\u0131na&nbsp;sebebiyet vermi\u015f olmas\u0131ndan dolay\u0131, 2918 say\u0131l\u0131 Karayollar\u0131 Trafik Kanunu\u2019na g\u00f6re i\u015fletene d\u00fc\u015fen hukuki sorumlulu\u011fu, zorunlu sigorta limitlerine&nbsp;kadar temin eder.<\/p>\n\n\n\n<p>Araca ba\u011fl\u0131 olarak \u00e7ekilmekte olan r\u00f6mork veya yar\u0131 r\u00f6morklar\u0131n (hafif r\u00f6morklar dahil) veya \u00e7ekilen bir arac\u0131n sebebiyet verece\u011fi zararlar<\/p>\n\n\n\n<p>\u00e7ekicinin sigortas\u0131 kapsam\u0131ndad\u0131r. Ancak, insan ta\u015f\u0131mada kullan\u0131lan r\u00f6morklar bunlar i\u00e7in poli\u00e7ede \u00f6zel \u015fartlar\u0131 belirtilecek ek bir sorumluluk<\/p>\n\n\n\n<p>sigortas\u0131 sa\u011flanm\u0131\u015f olmas\u0131 kayd\u0131yla teminata dahil olur.<\/p>\n\n\n\n<p>Meydana gelen bir kazada zarar\u0131n \u00f6nlenmesi veya azalt\u0131lmas\u0131 amac\u0131yla, sigorta ettirenin yapaca\u011f\u0131 makul ve zorunlu masraflar sigortac\u0131 taraf\u0131ndan&nbsp;kar\u015f\u0131lan\u0131r .<\/p>\n\n\n\n<p>Bu sigorta i\u015fletenin (sigorta ettirenin) haks\u0131z taleplere kar\u015f\u0131 savunmas\u0131n\u0131 da temin eder.<\/p>\n","protected":false},"excerpt":{"rendered":"<p>Zorunlu trafik sigortas\u0131, her ara\u00e7 sahibi taraf\u0131ndan yapt\u0131r\u0131lmas\u0131 zorunlu olan ve&nbsp;hasar&nbsp;an\u0131nda 3. \u015fah\u0131slara verilebilecek bedeni ve maddi zararlar\u0131&nbsp;g\u00fcvence alt\u0131na alan bir sigortad\u0131r. Zorunlu trafik sigortas\u0131&nbsp;yapt\u0131rmayan ara\u00e7lar trafi\u011fe \u00e7\u0131kamazlar. Bu sigorta \u00e7e\u015fidi T\u00fcrkiye s\u0131n\u0131rlar\u0131 i\u00e7erisinde&nbsp;ge\u00e7erlidir. Sigortac\u0131, poli\u00e7ede tan\u0131mlanan motorlu arac\u0131n i\u015fletilmesi<\/p>\n","protected":false},"author":1,"featured_media":327,"parent":0,"menu_order":0,"comment_status":"closed","ping_status":"closed","template":"","meta":{"footnotes":""},"class_list":["post-340","page","type-page","status-publish","has-post-thumbnail","hentry"],"_links":{"self":[{"href":"https:\/\/sigorta.nesiblog.com\/index.php?rest_route=\/wp\/v2\/pages\/340","targetHints":{"allow":["GET"]}}],"collection":[{"href":"https:\/\/sigorta.nesiblog.com\/index.php?rest_route=\/wp\/v2\/pages"}],"about":[{"href":"https:\/\/sigorta.nesiblog.com\/index.php?rest_route=\/wp\/v2\/types\/page"}],"author":[{"embeddable":true,"href":"https:\/\/sigorta.nesiblog.com\/index.php?rest_route=\/wp\/v2\/users\/1"}],"replies":[{"embeddable":true,"href":"https:\/\/sigorta.nesiblog.com\/index.php?rest_route=%2Fwp%2Fv2%2Fcomments&post=340"}],"version-history":[{"count":1,"href":"https:\/\/sigorta.nesiblog.com\/index.php?rest_route=\/wp\/v2\/pages\/340\/revisions"}],"predecessor-version":[{"id":341,"href":"https:\/\/sigorta.nesiblog.com\/index.php?rest_route=\/wp\/v2\/pages\/340\/revisions\/341"}],"wp:featuredmedia":[{"embeddable":true,"href":"https:\/\/sigorta.nesiblog.com\/index.php?rest_route=\/wp\/v2\/media\/327"}],"wp:attachment":[{"href":"https:\/\/sigorta.nesiblog.com\/index.php?rest_route=%2Fwp%2Fv2%2Fmedia&parent=340"}],"curies":[{"name":"wp","href":"https:\/\/api.w.org\/{rel}","templated":true}]}}