{"id":342,"date":"2025-03-10T12:17:03","date_gmt":"2025-03-10T09:17:03","guid":{"rendered":"https:\/\/sigorta.nesiblog.com\/?page_id=342"},"modified":"2025-03-10T13:55:02","modified_gmt":"2025-03-10T10:55:02","slug":"dask-sigortasi","status":"publish","type":"page","link":"https:\/\/sigorta.nesiblog.com\/?page_id=342","title":{"rendered":"Dask\u00a0Sigortas\u0131"},"content":{"rendered":"\n<p>Zorunlu deprem sigortas\u0131, deprem sonras\u0131 meydana gelen hasarlar\u0131n sebep oldu\u011fu maddi zararlar\u0131 kar\u015f\u0131layan zorunlu sigorta \u00e7e\u015fididir. 2012<\/p>\n\n\n\n<p>y\u0131l\u0131nda y\u00fcr\u00fcrl\u00fc\u011fe giren y\u00f6netmelik kapsam\u0131nda, yeni elektrik ve su aboneli\u011fi i\u00e7in binan\u0131n DASK sigortas\u0131 bulunmas\u0131 \u015fart\u0131 konulmu\u015ftur.<\/p>\n\n\n\n<p>Sigortan\u0131z i\u00e7in \u00f6demeniz gereken prim tutar\u0131 Zorunlu Deprem Sigortas\u0131 Tarife ve Talimat\u0131 ile belirlenir. Prim tutar\u0131 sigorta \u015firketi veya acenteye<\/p>\n\n\n\n<p>g\u00f6re de\u011fi\u015fiklik g\u00f6stermez, sabittir. DASK priminizi&nbsp;\u00f6\u011frenmek i\u00e7in&nbsp;<a href=\"https:\/\/www.dask.gov.tr\/e-services\/portal\/calculatePremium\" target=\"_blank\" rel=\"noreferrer noopener\">t\u0131klay\u0131n<\/a>.<\/p>\n","protected":false},"excerpt":{"rendered":"<p>Zorunlu deprem sigortas\u0131, deprem sonras\u0131 meydana gelen hasarlar\u0131n sebep oldu\u011fu maddi zararlar\u0131 kar\u015f\u0131layan zorunlu sigorta \u00e7e\u015fididir. 2012 y\u0131l\u0131nda y\u00fcr\u00fcrl\u00fc\u011fe giren y\u00f6netmelik kapsam\u0131nda, yeni elektrik ve su aboneli\u011fi i\u00e7in binan\u0131n DASK sigortas\u0131 bulunmas\u0131 \u015fart\u0131 konulmu\u015ftur. Sigortan\u0131z i\u00e7in \u00f6demeniz gereken prim tutar\u0131<\/p>\n","protected":false},"author":1,"featured_media":326,"parent":0,"menu_order":0,"comment_status":"closed","ping_status":"closed","template":"","meta":{"footnotes":""},"class_list":["post-342","page","type-page","status-publish","has-post-thumbnail","hentry"],"_links":{"self":[{"href":"https:\/\/sigorta.nesiblog.com\/index.php?rest_route=\/wp\/v2\/pages\/342","targetHints":{"allow":["GET"]}}],"collection":[{"href":"https:\/\/sigorta.nesiblog.com\/index.php?rest_route=\/wp\/v2\/pages"}],"about":[{"href":"https:\/\/sigorta.nesiblog.com\/index.php?rest_route=\/wp\/v2\/types\/page"}],"author":[{"embeddable":true,"href":"https:\/\/sigorta.nesiblog.com\/index.php?rest_route=\/wp\/v2\/users\/1"}],"replies":[{"embeddable":true,"href":"https:\/\/sigorta.nesiblog.com\/index.php?rest_route=%2Fwp%2Fv2%2Fcomments&post=342"}],"version-history":[{"count":2,"href":"https:\/\/sigorta.nesiblog.com\/index.php?rest_route=\/wp\/v2\/pages\/342\/revisions"}],"predecessor-version":[{"id":444,"href":"https:\/\/sigorta.nesiblog.com\/index.php?rest_route=\/wp\/v2\/pages\/342\/revisions\/444"}],"wp:featuredmedia":[{"embeddable":true,"href":"https:\/\/sigorta.nesiblog.com\/index.php?rest_route=\/wp\/v2\/media\/326"}],"wp:attachment":[{"href":"https:\/\/sigorta.nesiblog.com\/index.php?rest_route=%2Fwp%2Fv2%2Fmedia&parent=342"}],"curies":[{"name":"wp","href":"https:\/\/api.w.org\/{rel}","templated":true}]}}