{"id":344,"date":"2025-03-10T12:17:33","date_gmt":"2025-03-10T09:17:33","guid":{"rendered":"https:\/\/sigorta.nesiblog.com\/?page_id=344"},"modified":"2025-03-10T12:17:34","modified_gmt":"2025-03-10T09:17:34","slug":"isyeri-sigortalari","status":"publish","type":"page","link":"https:\/\/sigorta.nesiblog.com\/?page_id=344","title":{"rendered":"\u0130\u015fyeri\u00a0Sigortalar\u0131"},"content":{"rendered":"\n<p>\u0130\u015f Yeri&nbsp; Sigortalar\u0131; binan\u0131z\u0131n ve\/veya muhteviyat\u0131n\u0131z\u0131n, i\u015f yerinizdeki varl\u0131klar\u0131n\u0131z\u0131n, i\u015f yeriniz ile ilgili olarak sorumluluklar\u0131n\u0131z\u0131n ve i\u015finizin devaml\u0131l\u0131\u011f\u0131 ile ilgili olarak do\u011frudan ve dolayl\u0131 olarak \u00fczerinize d\u00fc\u015fen bir \u00e7ok riske kar\u015f\u0131 i\u015f yeriniz g\u00fcvence alt\u0131na al\u0131n\u0131r.<\/p>\n\n\n\n<p>Bir \u00e7ok sekt\u00f6re \u00f6zel, alternatif poli\u00e7elerimizle hizmet vermekteyiz.<\/p>\n\n\n\n<figure class=\"wp-block-image\"><img decoding=\"async\" src=\"https:\/\/sigortaborsam.com\/wp-content\/uploads\/2021\/07\/isyeri-3.jpg\" alt=\"\" class=\"wp-image-526\"\/><\/figure>\n\n\n\n<ul class=\"wp-block-list\">\n<li>\u0130\u015f yerleri<\/li>\n\n\n\n<li>E\u011fitim kurumlar\u0131<\/li>\n\n\n\n<li>T\u0131bbi hizmet veren kurulu\u015flar<\/li>\n\n\n\n<li>Oteller<\/li>\n\n\n\n<li>Eczaneler<\/li>\n\n\n\n<li>Akaryak\u0131t istasyonlar\u0131<\/li>\n\n\n\n<li>Siteler<\/li>\n<\/ul>\n","protected":false},"excerpt":{"rendered":"<p>\u0130\u015f Yeri&nbsp; Sigortalar\u0131; binan\u0131z\u0131n ve\/veya muhteviyat\u0131n\u0131z\u0131n, i\u015f yerinizdeki varl\u0131klar\u0131n\u0131z\u0131n, i\u015f yeriniz ile ilgili olarak sorumluluklar\u0131n\u0131z\u0131n ve i\u015finizin devaml\u0131l\u0131\u011f\u0131 ile ilgili olarak do\u011frudan ve dolayl\u0131 olarak \u00fczerinize d\u00fc\u015fen bir \u00e7ok riske kar\u015f\u0131 i\u015f yeriniz g\u00fcvence alt\u0131na al\u0131n\u0131r. Bir \u00e7ok sekt\u00f6re \u00f6zel,<\/p>\n","protected":false},"author":1,"featured_media":325,"parent":0,"menu_order":0,"comment_status":"closed","ping_status":"closed","template":"","meta":{"footnotes":""},"class_list":["post-344","page","type-page","status-publish","has-post-thumbnail","hentry"],"_links":{"self":[{"href":"https:\/\/sigorta.nesiblog.com\/index.php?rest_route=\/wp\/v2\/pages\/344","targetHints":{"allow":["GET"]}}],"collection":[{"href":"https:\/\/sigorta.nesiblog.com\/index.php?rest_route=\/wp\/v2\/pages"}],"about":[{"href":"https:\/\/sigorta.nesiblog.com\/index.php?rest_route=\/wp\/v2\/types\/page"}],"author":[{"embeddable":true,"href":"https:\/\/sigorta.nesiblog.com\/index.php?rest_route=\/wp\/v2\/users\/1"}],"replies":[{"embeddable":true,"href":"https:\/\/sigorta.nesiblog.com\/index.php?rest_route=%2Fwp%2Fv2%2Fcomments&post=344"}],"version-history":[{"count":1,"href":"https:\/\/sigorta.nesiblog.com\/index.php?rest_route=\/wp\/v2\/pages\/344\/revisions"}],"predecessor-version":[{"id":345,"href":"https:\/\/sigorta.nesiblog.com\/index.php?rest_route=\/wp\/v2\/pages\/344\/revisions\/345"}],"wp:featuredmedia":[{"embeddable":true,"href":"https:\/\/sigorta.nesiblog.com\/index.php?rest_route=\/wp\/v2\/media\/325"}],"wp:attachment":[{"href":"https:\/\/sigorta.nesiblog.com\/index.php?rest_route=%2Fwp%2Fv2%2Fmedia&parent=344"}],"curies":[{"name":"wp","href":"https:\/\/api.w.org\/{rel}","templated":true}]}}