{"id":362,"date":"2025-03-10T12:45:15","date_gmt":"2025-03-10T09:45:15","guid":{"rendered":"https:\/\/sigorta.nesiblog.com\/?page_id=362"},"modified":"2025-03-10T12:45:15","modified_gmt":"2025-03-10T09:45:15","slug":"konut-sigortasi","status":"publish","type":"page","link":"https:\/\/sigorta.nesiblog.com\/?page_id=362","title":{"rendered":"Konut\u00a0Sigortas\u0131"},"content":{"rendered":"\n<p>Konut sigortas\u0131,&nbsp;evinizi ve ailenizi koruma alt\u0131na alan en \u00f6nemli sigortad\u0131r. Konut sigortalar\u0131 evinizi yang\u0131n, y\u0131ld\u0131r\u0131m, patlama, h\u0131rs\u0131zl\u0131k, ter\u00f6r ve<\/p>\n\n\n\n<p>kazalardan korumay\u0131 ama\u00e7lar. Kirac\u0131 olunmas\u0131 durumunda da sadece e\u015fya teminat\u0131 al\u0131narak e\u015fyalar g\u00fcvence alt\u0131na al\u0131nabilir.<\/p>\n\n\n\n<p>Teminat alt\u0131na al\u0131nan rizikolar:<\/p>\n\n\n\n<ul class=\"wp-block-list\">\n<li>Yang\u0131n, y\u0131ld\u0131r\u0131m, infilak<\/li>\n\n\n\n<li>Yang\u0131n mali mesuliyet<\/li>\n\n\n\n<li>Deprem ve yanarda\u011f p\u00fcsk\u00fcrmesi<\/li>\n\n\n\n<li>Dahili su<\/li>\n\n\n\n<li>Duman<\/li>\n\n\n\n<li>Sel ve su bask\u0131n\u0131<\/li>\n\n\n\n<li>F\u0131rt\u0131na<\/li>\n\n\n\n<li>Yer kaymas\u0131<\/li>\n\n\n\n<li>Hava ,kara ve deniz ta\u015f\u0131tlar\u0131 \u00e7arpmas\u0131<\/li>\n\n\n\n<li>H\u0131rs\u0131zl\u0131k<\/li>\n\n\n\n<li>Kar a\u011f\u0131rl\u0131\u011f\u0131<\/li>\n\n\n\n<li>Enkaz kald\u0131rma masraflar\u0131<\/li>\n\n\n\n<li>Grev, lokavt, karga\u015fal\u0131k, halk hareketleri, k\u00f6t\u00fc niyetli hareketler, ter\u00f6r<\/li>\n\n\n\n<li>Kira kayb\u0131<\/li>\n\n\n\n<li>K\u0131ymetli e\u015fya h\u0131rs\u0131zl\u0131k<\/li>\n\n\n\n<li>Alternatif Konut Masraflar\u0131<\/li>\n\n\n\n<li>Ferdi Kaza<\/li>\n\n\n\n<li>Sabit dekorasyon<\/li>\n\n\n\n<li>Elektronik cihaz<\/li>\n\n\n\n<li>3.\u015fah\u0131s mali mesuliyet<\/li>\n\n\n\n<li>Cam k\u0131r\u0131lmas\u0131<\/li>\n\n\n\n<li>Yeni de\u011ferinden \u00f6deme<\/li>\n\n\n\n<li>Sabit tesisatta h\u0131rs\u0131zl\u0131k<\/li>\n\n\n\n<li>Badana boya teminat\u0131<\/li>\n\n\n\n<li>Enflasyondan koruma<\/li>\n\n\n\n<li>Yak\u0131t s\u0131zmas\u0131<\/li>\n<\/ul>\n","protected":false},"excerpt":{"rendered":"<p>Konut sigortas\u0131,&nbsp;evinizi ve ailenizi koruma alt\u0131na alan en \u00f6nemli sigortad\u0131r. Konut sigortalar\u0131 evinizi yang\u0131n, y\u0131ld\u0131r\u0131m, patlama, h\u0131rs\u0131zl\u0131k, ter\u00f6r ve kazalardan korumay\u0131 ama\u00e7lar. Kirac\u0131 olunmas\u0131 durumunda da sadece e\u015fya teminat\u0131 al\u0131narak e\u015fyalar g\u00fcvence alt\u0131na al\u0131nabilir. Teminat alt\u0131na al\u0131nan rizikolar:<\/p>\n","protected":false},"author":1,"featured_media":363,"parent":0,"menu_order":0,"comment_status":"closed","ping_status":"closed","template":"","meta":{"footnotes":""},"class_list":["post-362","page","type-page","status-publish","has-post-thumbnail","hentry"],"_links":{"self":[{"href":"https:\/\/sigorta.nesiblog.com\/index.php?rest_route=\/wp\/v2\/pages\/362","targetHints":{"allow":["GET"]}}],"collection":[{"href":"https:\/\/sigorta.nesiblog.com\/index.php?rest_route=\/wp\/v2\/pages"}],"about":[{"href":"https:\/\/sigorta.nesiblog.com\/index.php?rest_route=\/wp\/v2\/types\/page"}],"author":[{"embeddable":true,"href":"https:\/\/sigorta.nesiblog.com\/index.php?rest_route=\/wp\/v2\/users\/1"}],"replies":[{"embeddable":true,"href":"https:\/\/sigorta.nesiblog.com\/index.php?rest_route=%2Fwp%2Fv2%2Fcomments&post=362"}],"version-history":[{"count":1,"href":"https:\/\/sigorta.nesiblog.com\/index.php?rest_route=\/wp\/v2\/pages\/362\/revisions"}],"predecessor-version":[{"id":364,"href":"https:\/\/sigorta.nesiblog.com\/index.php?rest_route=\/wp\/v2\/pages\/362\/revisions\/364"}],"wp:featuredmedia":[{"embeddable":true,"href":"https:\/\/sigorta.nesiblog.com\/index.php?rest_route=\/wp\/v2\/media\/363"}],"wp:attachment":[{"href":"https:\/\/sigorta.nesiblog.com\/index.php?rest_route=%2Fwp%2Fv2%2Fmedia&parent=362"}],"curies":[{"name":"wp","href":"https:\/\/api.w.org\/{rel}","templated":true}]}}