{"id":396,"date":"2025-03-10T13:22:36","date_gmt":"2025-03-10T10:22:36","guid":{"rendered":"https:\/\/sigorta.nesiblog.com\/?page_id=396"},"modified":"2025-03-10T13:22:37","modified_gmt":"2025-03-10T10:22:37","slug":"sorumluluk-sigortasi","status":"publish","type":"page","link":"https:\/\/sigorta.nesiblog.com\/?page_id=396","title":{"rendered":"Sorumluluk\u00a0Sigortas\u0131"},"content":{"rendered":"\n<p>Sorumluluk Sigortalar\u0131; sigorta ettirenin sorumlulu\u011funda olan eylem ve fiillerden veya kazalardan dolay\u0131 \u00fc\u00e7\u00fcnc\u00fc \u015fah\u0131slar\u0131n yada \u00e7al\u0131\u015fanlar\u0131m\u0131z\u0131n mallar\u0131na ve canlar\u0131na gelebilecek zararlar\u0131 tazmin eder.<\/p>\n\n\n\n<p><\/p>\n\n\n<style>#sp-ea-395 .spcollapsing { height: 0; overflow: hidden; transition-property: height;transition-duration: 300ms;}#sp-ea-395.sp-easy-accordion>.sp-ea-single {margin-bottom: 10px; border: 1px solid #e2e2e2; }#sp-ea-395.sp-easy-accordion>.sp-ea-single>.ea-header a {color: #444;}#sp-ea-395.sp-easy-accordion>.sp-ea-single>.sp-collapse>.ea-body {background: #fff; color: #444;}#sp-ea-395.sp-easy-accordion>.sp-ea-single {background: #eee;}#sp-ea-395.sp-easy-accordion>.sp-ea-single>.ea-header a .ea-expand-icon { float: left; color: #444;font-size: 16px;}<\/style><div id=\"sp_easy_accordion-1741601917\"><div id=\"sp-ea-395\" class=\"sp-ea-one sp-easy-accordion\" data-ea-active=\"ea-click\" data-ea-mode=\"vertical\" data-preloader=\"\" data-scroll-active-item=\"\" data-offset-to-scroll=\"0\"><div class=\"ea-card ea-expand sp-ea-single\"><h3 class=\"ea-header\"><a class=\"collapsed\" id=\"ea-header-3950\" role=\"button\" data-sptoggle=\"spcollapse\" data-sptarget=\"#collapse3950\" aria-controls=\"collapse3950\" href=\"#\" aria-expanded=\"true\" tabindex=\"0\"><i aria-hidden=\"true\" role=\"presentation\" class=\"ea-expand-icon eap-icon-ea-expand-minus\"><\/i> Y\u00f6netici Sorumluluk Sigortas\u0131<\/a><\/h3><div class=\"sp-collapse spcollapse collapsed show\" id=\"collapse3950\" data-parent=\"#sp-ea-395\" role=\"region\" aria-labelledby=\"ea-header-3950\"> <div class=\"ea-body\"><p>Y\u00f6netici sorumluluk sigortas\u0131, \u015firketin ve i\u015ftiraklerinin y\u00f6netim kurulu \u00fcyelerinin, y\u00f6neticilerinin ve m\u00fcd\u00fcrlerinin y\u00f6netici ve m\u00fcd\u00fcr\u00fc vasf\u0131 ile g\u00f6revlerini yerine getirirlerken yapt\u0131klar\u0131 hatalar nedeniyle olu\u015fan hasarlar\u0131 poli\u00e7e kapsam\u0131 dahilinde kar\u015f\u0131lamaktad\u0131r.<\/p><\/div><\/div><\/div><div class=\"ea-card sp-ea-single\"><h3 class=\"ea-header\"><a class=\"collapsed\" id=\"ea-header-3951\" role=\"button\" data-sptoggle=\"spcollapse\" data-sptarget=\"#collapse3951\" aria-controls=\"collapse3951\" href=\"#\" aria-expanded=\"false\" tabindex=\"0\"><i aria-hidden=\"true\" role=\"presentation\" class=\"ea-expand-icon eap-icon-ea-expand-plus\"><\/i> \u00dc\u00e7\u00fcnc\u00fc Ki\u015filere Kar\u015f\u0131 Sorumluluk Sigortalar\u0131<\/a><\/h3><div class=\"sp-collapse spcollapse \" id=\"collapse3951\" data-parent=\"#sp-ea-395\" role=\"region\" aria-labelledby=\"ea-header-3951\"> <div class=\"ea-body\"><p>\u00dc\u00e7\u00fcnc\u00fc ki\u015filere kar\u015f\u0131 sorumluluk sigortalar\u0131, sigorta s\u00fcresi i\u00e7erisinde meydana gelen bir olay sonucunda, \u00fc\u00e7\u00fcnc\u00fc ki\u015filerin \u00f6lmesi, yaralanmas\u0131 ya da sa\u011fl\u0131\u011f\u0131n\u0131n bozulmas\u0131, \u00fc\u00e7\u00fcnc\u00fc ki\u015filere ait mallarda parasal zarar meydana gelmesi nedeniyle, \u00fc\u00e7\u00fcnc\u00fc ki\u015filer taraf\u0131ndan ileri s\u00fcr\u00fclecek zarar ve kay\u0131p taleplerine kar\u015f\u0131 sigortal\u0131y\u0131 korur.<\/p><\/div><\/div><\/div><div class=\"ea-card sp-ea-single\"><h3 class=\"ea-header\"><a class=\"collapsed\" id=\"ea-header-3952\" role=\"button\" data-sptoggle=\"spcollapse\" data-sptarget=\"#collapse3952\" aria-controls=\"collapse3952\" href=\"#\" aria-expanded=\"false\" tabindex=\"0\"><i aria-hidden=\"true\" role=\"presentation\" class=\"ea-expand-icon eap-icon-ea-expand-plus\"><\/i> \u0130\u015fveren Sorumluluk Sigortalar\u0131<\/a><\/h3><div class=\"sp-collapse spcollapse \" id=\"collapse3952\" data-parent=\"#sp-ea-395\" role=\"region\" aria-labelledby=\"ea-header-3952\"> <div class=\"ea-body\"><p>Bu sigorta ile, i\u015f yerinde meydana gelebilecek i\u015f kazalar\u0131 sonucunda i\u015fverene d\u00fc\u015fecek yasal sorumluluk nedeniyle, i\u015fverenle bir hizmet s\u00f6zle\u015fmesi olan ve Sosyal G\u00fcvenlik Kanunu\u2019na ba\u011fl\u0131 i\u015f\u00e7iler veya bunlar\u0131n hak sahipleri taraf\u0131ndan i\u015fverenden istenebilecek, Sosyal G\u00fcvenlik Kurumu\u2019nun sa\u011flad\u0131\u011f\u0131 yard\u0131mlar\u0131n \u00fczerindeki ve d\u0131\u015f\u0131ndaki tazminat talepleri teminat alt\u0131na al\u0131nmaktad\u0131r.<\/p><\/div><\/div><\/div><div class=\"ea-card sp-ea-single\"><h3 class=\"ea-header\"><a class=\"collapsed\" id=\"ea-header-3953\" role=\"button\" data-sptoggle=\"spcollapse\" data-sptarget=\"#collapse3953\" aria-controls=\"collapse3953\" href=\"#\" aria-expanded=\"false\" tabindex=\"0\"><i aria-hidden=\"true\" role=\"presentation\" class=\"ea-expand-icon eap-icon-ea-expand-plus\"><\/i> Zorunlu Sorumluluk Sigortalar\u0131<\/a><\/h3><div class=\"sp-collapse spcollapse \" id=\"collapse3953\" data-parent=\"#sp-ea-395\" role=\"region\" aria-labelledby=\"ea-header-3953\"> <div class=\"ea-body\"><p>5684 say\u0131l\u0131 Sigortac\u0131l\u0131k Kanunu gere\u011fi yapt\u0131r\u0131lmas\u0131 zorunlu sigortalar a\u015fa\u011f\u0131da belirtilmektedir. -Karayollar\u0131 Motorlu Ara\u00e7lar Zorunlu Mali Sorumluluk Sigortas\u0131<br \/>-Zorunlu Karayollar\u0131 Ta\u015f\u0131mac\u0131l\u0131k Mali Sorumluluk Sigortas\u0131<br \/>-Karayolu Yolcu Ta\u015f\u0131mac\u0131l\u0131\u011f\u0131 Zorunlu Koltuk Ferdi Kaza Sigortas\u0131<br \/>-Tehlikeli Maddeler Zorunlu Sorumluluk Sigortas\u0131<br \/>-K\u0131y\u0131 Tesisleri Zorunlu Mali Sorumluluk Sigortas\u0131<br \/>-\u00d6zel G\u00fcvenlik Mali Sorumluluk Sigortas\u0131<br \/>-T\u0131bbi K\u00f6t\u00fc Uygulamaya \u0130li\u015fkin Zorunlu Mali Sorumluluk Sigortas\u0131<br \/>-Zorunlu Deprem Sigortas\u0131<br \/>-Sertifika Mali Sorumluluk Sigortas\u0131<br \/>-Deniz Yolcu Ta\u015f\u0131mac\u0131l\u0131\u011f\u0131 Zorunlu Mali Sorumluluk Sigortas\u0131<br \/>-Zorunlu Paket Tur Sigortas\u0131<\/p><\/div><\/div><\/div><div class=\"ea-card sp-ea-single\"><h3 class=\"ea-header\"><a class=\"collapsed\" id=\"ea-header-3954\" role=\"button\" data-sptoggle=\"spcollapse\" data-sptarget=\"#collapse3954\" aria-controls=\"collapse3954\" href=\"#\" aria-expanded=\"false\" tabindex=\"0\"><i aria-hidden=\"true\" role=\"presentation\" class=\"ea-expand-icon eap-icon-ea-expand-plus\"><\/i> \u00dcr\u00fcn Sorumluluk Sigortas\u0131<\/a><\/h3><div class=\"sp-collapse spcollapse \" id=\"collapse3954\" data-parent=\"#sp-ea-395\" role=\"region\" aria-labelledby=\"ea-header-3954\"> <div class=\"ea-body\"><p>Sigortal\u0131n\u0131n \u00fcretti\u011fi mallar\u0131n kullan\u0131lmas\u0131 esnas\u0131nda \u00fc\u00e7\u00fcnc\u00fc \u015fah\u0131slar\u0131n u\u011frayaca\u011f\u0131 zararlar neticesinde yasal olarak \u00f6demekle sorumlu oldu\u011fu bedeni ve maddi zararlar\u0131 tazmin eder.<\/p><\/div><\/div><\/div><div class=\"ea-card sp-ea-single\"><h3 class=\"ea-header\"><a class=\"collapsed\" id=\"ea-header-3955\" role=\"button\" data-sptoggle=\"spcollapse\" data-sptarget=\"#collapse3955\" aria-controls=\"collapse3955\" href=\"#\" aria-expanded=\"false\" tabindex=\"0\"><i aria-hidden=\"true\" role=\"presentation\" class=\"ea-expand-icon eap-icon-ea-expand-plus\"><\/i> \u00dcr\u00fcn Geri \u00c7a\u011f\u0131rma Sigortas\u0131<\/a><\/h3><div class=\"sp-collapse spcollapse \" id=\"collapse3955\" data-parent=\"#sp-ea-395\" role=\"region\" aria-labelledby=\"ea-header-3955\"> <div class=\"ea-body\"><p>Nihai, ara \u00fcr\u00fcn \u00fcreticileri, t\u00fcketim, ticari ve end\u00fcstriyel \u00fcr\u00fcnlerin ithalat\u00e7\u0131lar\u0131 \u00fcr\u00fcn\u00fcn bedeni veya maddi zarara yol a\u00e7mas\u0131 veya yol a\u00e7ma tehlikesinin bulunmas\u0131 halinde bu \u00fcr\u00fcnlerin geri toplanmas\u0131 i\u00e7in yap\u0131lacak masraflar\u0131 kar\u015f\u0131layarak teminat sa\u011flar.<\/p><\/div><\/div><\/div><div class=\"ea-card sp-ea-single\"><h3 class=\"ea-header\"><a class=\"collapsed\" id=\"ea-header-3956\" role=\"button\" data-sptoggle=\"spcollapse\" data-sptarget=\"#collapse3956\" aria-controls=\"collapse3956\" href=\"#\" aria-expanded=\"false\" tabindex=\"0\"><i aria-hidden=\"true\" role=\"presentation\" class=\"ea-expand-icon eap-icon-ea-expand-plus\"><\/i> Mesleki Sorumluluk Sigortas\u0131<\/a><\/h3><div class=\"sp-collapse spcollapse \" id=\"collapse3956\" data-parent=\"#sp-ea-395\" role=\"region\" aria-labelledby=\"ea-header-3956\"> <div class=\"ea-body\"><p>Sigortal\u0131n\u0131n, ifa etti\u011fi mesle\u011finin, hatal\u0131 ve\/veya kusurlu olmas\u0131 sebebiyle meydana gelebilecek zarar ve ziyandan do\u011fan tazminat talepleri teminat alt\u0131na al\u0131n\u0131r. Mimar ve m\u00fchendisler, serbest muhasebeciler \/ mali m\u00fc\u015favirler, avukatlar ve hekimler, vb. meslek gruplar\u0131 bu sigorta \u00fcr\u00fcn\u00fc ile koruma sa\u011flayabilirler.<\/p><\/div><\/div><\/div><div class=\"ea-card sp-ea-single\"><h3 class=\"ea-header\"><a class=\"collapsed\" id=\"ea-header-3957\" role=\"button\" data-sptoggle=\"spcollapse\" data-sptarget=\"#collapse3957\" aria-controls=\"collapse3957\" href=\"#\" aria-expanded=\"false\" tabindex=\"0\"><i aria-hidden=\"true\" role=\"presentation\" class=\"ea-expand-icon eap-icon-ea-expand-plus\"><\/i> \u00c7evre Kirlili\u011fi Mali Sorumluluk Sigortas\u0131<\/a><\/h3><div class=\"sp-collapse spcollapse \" id=\"collapse3957\" data-parent=\"#sp-ea-395\" role=\"region\" aria-labelledby=\"ea-header-3957\"> <div class=\"ea-body\"><p>Bir i\u015fletmenin tesisini veya tesislerini \u00e7evre kirlili\u011fi mali sorumluluk sigortas\u0131 ile yeni olu\u015fan \u00e7evre kirlili\u011fi risklerine kar\u015f\u0131 teminat alt\u0131na al\u0131nmas\u0131n\u0131 sa\u011flamas\u0131n\u0131n yan\u0131nda \u00f6nceden mevcut olan ko\u015fullardan kaynaklanm\u0131\u015f kirlenmelerden \u00f6t\u00fcr\u00fc olu\u015fabilecek \u00e7evre risklerine kar\u015f\u0131 da istenildi\u011fi takdirde teminat sa\u011flayabilmektedir. Bu t\u00fcr bir teminat \u015firket sat\u0131n alma veya \u015firket birle\u015fmeleri gibi durumlarda sigortal\u0131 i\u00e7in olduk\u00e7a \u00f6nemli bir de\u011fere sahiptir.<\/p><\/div><\/div><\/div><\/div><\/div>\n","protected":false},"excerpt":{"rendered":"<p>Sorumluluk Sigortalar\u0131; sigorta ettirenin sorumlulu\u011funda olan eylem ve fiillerden veya kazalardan dolay\u0131 \u00fc\u00e7\u00fcnc\u00fc \u015fah\u0131slar\u0131n yada \u00e7al\u0131\u015fanlar\u0131m\u0131z\u0131n mallar\u0131na ve canlar\u0131na gelebilecek zararlar\u0131 tazmin eder.<\/p>\n","protected":false},"author":1,"featured_media":0,"parent":0,"menu_order":0,"comment_status":"closed","ping_status":"closed","template":"","meta":{"footnotes":""},"class_list":["post-396","page","type-page","status-publish","hentry"],"_links":{"self":[{"href":"https:\/\/sigorta.nesiblog.com\/index.php?rest_route=\/wp\/v2\/pages\/396","targetHints":{"allow":["GET"]}}],"collection":[{"href":"https:\/\/sigorta.nesiblog.com\/index.php?rest_route=\/wp\/v2\/pages"}],"about":[{"href":"https:\/\/sigorta.nesiblog.com\/index.php?rest_route=\/wp\/v2\/types\/page"}],"author":[{"embeddable":true,"href":"https:\/\/sigorta.nesiblog.com\/index.php?rest_route=\/wp\/v2\/users\/1"}],"replies":[{"embeddable":true,"href":"https:\/\/sigorta.nesiblog.com\/index.php?rest_route=%2Fwp%2Fv2%2Fcomments&post=396"}],"version-history":[{"count":1,"href":"https:\/\/sigorta.nesiblog.com\/index.php?rest_route=\/wp\/v2\/pages\/396\/revisions"}],"predecessor-version":[{"id":398,"href":"https:\/\/sigorta.nesiblog.com\/index.php?rest_route=\/wp\/v2\/pages\/396\/revisions\/398"}],"wp:attachment":[{"href":"https:\/\/sigorta.nesiblog.com\/index.php?rest_route=%2Fwp%2Fv2%2Fmedia&parent=396"}],"curies":[{"name":"wp","href":"https:\/\/api.w.org\/{rel}","templated":true}]}}