{"id":400,"date":"2025-03-10T13:27:10","date_gmt":"2025-03-10T10:27:10","guid":{"rendered":"https:\/\/sigorta.nesiblog.com\/?page_id=400"},"modified":"2025-03-10T13:27:11","modified_gmt":"2025-03-10T10:27:11","slug":"muhendislik-sigortalari","status":"publish","type":"page","link":"https:\/\/sigorta.nesiblog.com\/?page_id=400","title":{"rendered":"M\u00fchendislik\u00a0Sigortalar\u0131"},"content":{"rendered":"\n<div class=\"wp-block-media-text is-stacked-on-mobile\"><figure class=\"wp-block-media-text__media\"><img loading=\"lazy\" decoding=\"async\" width=\"1024\" height=\"678\" src=\"https:\/\/sigorta.nesiblog.com\/wp-content\/uploads\/2025\/03\/m1.jpg\" alt=\"\" class=\"wp-image-401 size-full\" srcset=\"https:\/\/sigorta.nesiblog.com\/wp-content\/uploads\/2025\/03\/m1.jpg 1024w, https:\/\/sigorta.nesiblog.com\/wp-content\/uploads\/2025\/03\/m1-600x397.jpg 600w, https:\/\/sigorta.nesiblog.com\/wp-content\/uploads\/2025\/03\/m1-300x199.jpg 300w, https:\/\/sigorta.nesiblog.com\/wp-content\/uploads\/2025\/03\/m1-768x509.jpg 768w\" sizes=\"auto, (max-width: 1024px) 100vw, 1024px\" \/><\/figure><div class=\"wp-block-media-text__content\">\n<p><strong>M\u00fchendislik Sigortalar\u0131<\/strong><\/p>\n\n\n\n<p>\u0130n\u015faat ve Montaj Sigortalar\u0131, projelerin ba\u015flang\u0131c\u0131ndan biti\u015fine kadar olan s\u00fcre\u00e7te projeye \u00f6zg\u00fc kar\u015f\u0131la\u015f\u0131lan ani ve beklenmedik pek \u00e7ok riske kar\u015f\u0131 geni\u015f kapsaml\u0131 teminatlar sa\u011flar.<\/p>\n\n\n\n<p>Do\u011falgaz Paket Sigortas\u0131<\/p>\n\n\n\n<p>Makine K\u0131r\u0131lmas\u0131 Sigortas\u0131<\/p>\n\n\n\n<p>Elektronik Cihaz Sigortas\u0131<\/p>\n\n\n\n<p>\u0130n\u015faat All-Risk Sigortas\u0131<\/p>\n\n\n\n<p>Montaj All-Risk Sigortas\u0131<\/p>\n<\/div><\/div>\n\n\n\n<div class=\"wp-block-media-text has-media-on-the-right is-stacked-on-mobile\"><div class=\"wp-block-media-text__content\">\n<p><strong>Enerji Sigortalar\u0131<\/strong><\/p>\n\n\n\n<p>Operasyonel D\u00f6nem Sigortalar\u0131 , projesi tamamlanm\u0131\u015f yat\u0131r\u0131mlar\u0131n i\u015fletmeye al\u0131nmas\u0131 ile birlikte t\u00fcm riskleri kapsayan geni\u015f teminatlar\u0131 ile avantajlar sunmaktad\u0131r.<\/p>\n\n\n\n<p>\u00a0T\u00fcrk m\u00fcteahhitlerinin yurtd\u0131\u015f\u0131 \u00fcstyap\u0131 in\u015faat projeleri<\/p>\n\n\n\n<p>\u00a0Petrokimya (Rafineriler, Akaryak\u0131t Dolum Tesisleri)<\/p>\n\n\n\n<p>\u00a0Elektrik \u00dcretim Tesisleri (Kombine \u00c7evrim Santralleri, Termik Santraller)<\/p>\n\n\n\n<p>\u00a0Kimya Sanayii (Boya Fabrikalar\u0131, \u0130la\u00e7 Fabrikalar\u0131, Kimya Fabrikalar\u0131)<\/p>\n\n\n\n<p>\u00a0Madencilik<\/p>\n<\/div><figure class=\"wp-block-media-text__media\"><img loading=\"lazy\" decoding=\"async\" width=\"955\" height=\"642\" src=\"https:\/\/sigorta.nesiblog.com\/wp-content\/uploads\/2025\/03\/m2.jpg\" alt=\"\" class=\"wp-image-402 size-full\" srcset=\"https:\/\/sigorta.nesiblog.com\/wp-content\/uploads\/2025\/03\/m2.jpg 955w, https:\/\/sigorta.nesiblog.com\/wp-content\/uploads\/2025\/03\/m2-600x403.jpg 600w, https:\/\/sigorta.nesiblog.com\/wp-content\/uploads\/2025\/03\/m2-300x202.jpg 300w, https:\/\/sigorta.nesiblog.com\/wp-content\/uploads\/2025\/03\/m2-768x516.jpg 768w\" sizes=\"auto, (max-width: 955px) 100vw, 955px\" \/><\/figure><\/div>\n","protected":false},"excerpt":{"rendered":"<p>M\u00fchendislik Sigortalar\u0131 \u0130n\u015faat ve Montaj Sigortalar\u0131, projelerin ba\u015flang\u0131c\u0131ndan biti\u015fine kadar olan s\u00fcre\u00e7te projeye \u00f6zg\u00fc kar\u015f\u0131la\u015f\u0131lan ani ve beklenmedik pek \u00e7ok riske kar\u015f\u0131 geni\u015f kapsaml\u0131 teminatlar sa\u011flar. Do\u011falgaz Paket Sigortas\u0131 Makine K\u0131r\u0131lmas\u0131 Sigortas\u0131 Elektronik Cihaz Sigortas\u0131 \u0130n\u015faat All-Risk Sigortas\u0131 Montaj All-Risk<\/p>\n","protected":false},"author":1,"featured_media":0,"parent":0,"menu_order":0,"comment_status":"closed","ping_status":"closed","template":"","meta":{"footnotes":""},"class_list":["post-400","page","type-page","status-publish","hentry"],"_links":{"self":[{"href":"https:\/\/sigorta.nesiblog.com\/index.php?rest_route=\/wp\/v2\/pages\/400","targetHints":{"allow":["GET"]}}],"collection":[{"href":"https:\/\/sigorta.nesiblog.com\/index.php?rest_route=\/wp\/v2\/pages"}],"about":[{"href":"https:\/\/sigorta.nesiblog.com\/index.php?rest_route=\/wp\/v2\/types\/page"}],"author":[{"embeddable":true,"href":"https:\/\/sigorta.nesiblog.com\/index.php?rest_route=\/wp\/v2\/users\/1"}],"replies":[{"embeddable":true,"href":"https:\/\/sigorta.nesiblog.com\/index.php?rest_route=%2Fwp%2Fv2%2Fcomments&post=400"}],"version-history":[{"count":1,"href":"https:\/\/sigorta.nesiblog.com\/index.php?rest_route=\/wp\/v2\/pages\/400\/revisions"}],"predecessor-version":[{"id":403,"href":"https:\/\/sigorta.nesiblog.com\/index.php?rest_route=\/wp\/v2\/pages\/400\/revisions\/403"}],"wp:attachment":[{"href":"https:\/\/sigorta.nesiblog.com\/index.php?rest_route=%2Fwp%2Fv2%2Fmedia&parent=400"}],"curies":[{"name":"wp","href":"https:\/\/api.w.org\/{rel}","templated":true}]}}