{"id":410,"date":"2025-03-10T13:32:19","date_gmt":"2025-03-10T10:32:19","guid":{"rendered":"https:\/\/sigorta.nesiblog.com\/?page_id=410"},"modified":"2025-03-10T13:32:20","modified_gmt":"2025-03-10T10:32:20","slug":"finansal-sigortalar","status":"publish","type":"page","link":"https:\/\/sigorta.nesiblog.com\/?page_id=410","title":{"rendered":"Finansal\u00a0Sigortalar"},"content":{"rendered":"<div ><style>#sp-ea-407 .spcollapsing { height: 0; overflow: hidden; transition-property: height;transition-duration: 300ms;}#sp-ea-407.sp-easy-accordion>.sp-ea-single {margin-bottom: 10px; border: 1px solid #e2e2e2; }#sp-ea-407.sp-easy-accordion>.sp-ea-single>.ea-header a {color: #444;}#sp-ea-407.sp-easy-accordion>.sp-ea-single>.sp-collapse>.ea-body {background: #fff; color: #444;}#sp-ea-407.sp-easy-accordion>.sp-ea-single {background: #eee;}#sp-ea-407.sp-easy-accordion>.sp-ea-single>.ea-header a .ea-expand-icon { float: left; color: #444;font-size: 16px;}<\/style><div id=\"sp_easy_accordion-1741602576\"><div id=\"sp-ea-407\" class=\"sp-ea-one sp-easy-accordion\" data-ea-active=\"ea-click\" data-ea-mode=\"vertical\" data-preloader=\"\" data-scroll-active-item=\"\" data-offset-to-scroll=\"0\"><div class=\"ea-card ea-expand sp-ea-single\"><h3 class=\"ea-header\"><a class=\"collapsed\" id=\"ea-header-4070\" role=\"button\" data-sptoggle=\"spcollapse\" data-sptarget=\"#collapse4070\" aria-controls=\"collapse4070\" href=\"#\" aria-expanded=\"true\" tabindex=\"0\"><i aria-hidden=\"true\" role=\"presentation\" class=\"ea-expand-icon eap-icon-ea-expand-minus\"><\/i> Adam Ka\u00e7\u0131rma, Fidye ve \u015eantaj Sigortas\u0131<\/a><\/h3><div class=\"sp-collapse spcollapse collapsed show\" id=\"collapse4070\" data-parent=\"#sp-ea-407\" role=\"region\" aria-labelledby=\"ea-header-4070\"> <div class=\"ea-body\"><p>Adam ka\u00e7\u0131rma , fidye ve \u015fantaj sigortas\u0131; sadece maddi \u00e7\u00f6z\u00fcm de\u011fil ayn\u0131 zamanda dan\u0131\u015fmanl\u0131k hizmetleri ile s\u00f6z konusu s\u00fcre\u00e7te aktif rol alarak ka\u00e7\u0131r\u0131lan ki\u015fi veya ki\u015filerin sa\u011fl\u0131kl\u0131 bir \u015fekilde geri d\u00f6nmelerini sa\u011flamaktad\u0131r.<\/p><\/div><\/div><\/div><div class=\"ea-card sp-ea-single\"><h3 class=\"ea-header\"><a class=\"collapsed\" id=\"ea-header-4071\" role=\"button\" data-sptoggle=\"spcollapse\" data-sptarget=\"#collapse4071\" aria-controls=\"collapse4071\" href=\"#\" aria-expanded=\"false\" tabindex=\"0\"><i aria-hidden=\"true\" role=\"presentation\" class=\"ea-expand-icon eap-icon-ea-expand-plus\"><\/i> Veri Koruma Sigortas\u0131<\/a><\/h3><div class=\"sp-collapse spcollapse \" id=\"collapse4071\" data-parent=\"#sp-ea-407\" role=\"region\" aria-labelledby=\"ea-header-4071\"> <div class=\"ea-body\"><p>\u015eirketlerin, kendi m\u00fc\u015fterileri ve i\u015f ortaklar\u0131n\u0131n verilerini g\u00fcvence alt\u0131na alarak siber risklere kar\u015f\u0131 kurumlar\u0131n\u0131 koruma alt\u0131na alabilirler. Veri h\u0131rs\u0131zl\u0131\u011f\u0131 ya\u015fan\u0131rsa kurumun itibar\u0131n\u0131 korumak i\u00e7in kriz y\u00f6netimini de i\u00e7eren sigorta ile hukuki dan\u0131\u015fmanl\u0131k hizmeti de teminatlar dahilindedir.<br \/>Veri s\u0131z\u0131nt\u0131s\u0131, kayb\u0131 ya da ihlaline ister sigortal\u0131 ister sigortal\u0131n\u0131n d\u0131\u015f kaynak \u015firketi neden olmu\u015f olsun, sigortal\u0131n\u0131n a\u011f\u0131n\u0131n ciddi bir kesintiye u\u011framas\u0131 sonucunda ortaya \u00e7\u0131kan net kar kayb\u0131n\u0131, veri koruma soru\u015fturmas\u0131 ile ba\u011flant\u0131l\u0131 hukuki dan\u0131\u015fmanl\u0131k ve temsile ili\u015fkin profesyonel hizmet \u00fccretlerini ayn\u0131 zamanda \u015fantaj s\u00f6z konusuysa \u00fc\u00e7\u00fcnc\u00fc sah\u0131\u015flara yap\u0131lan fidye \u00f6demelerini kar\u015f\u0131lamaktad\u0131r.<\/p><\/div><\/div><\/div><div class=\"ea-card sp-ea-single\"><h3 class=\"ea-header\"><a class=\"collapsed\" id=\"ea-header-4072\" role=\"button\" data-sptoggle=\"spcollapse\" data-sptarget=\"#collapse4072\" aria-controls=\"collapse4072\" href=\"#\" aria-expanded=\"false\" tabindex=\"0\"><i aria-hidden=\"true\" role=\"presentation\" class=\"ea-expand-icon eap-icon-ea-expand-plus\"><\/i> Emniyeti Suistimal Sigortas\u0131<\/a><\/h3><div class=\"sp-collapse spcollapse \" id=\"collapse4072\" data-parent=\"#sp-ea-407\" role=\"region\" aria-labelledby=\"ea-header-4072\"> <div class=\"ea-body\"><p>Sigortal\u0131n\u0131n emrinde ve hizmetinde bordrolu olarak \u00e7al\u0131\u015ft\u0131rd\u0131\u011f\u0131 ki\u015fi\/ki\u015filerin kendilerine tevdi olunan nakit, k\u0131ymetli evrak ve bunlarla ilgili bilumum i\u015fler \u00fczerindeki yetki ve tasarruflar\u0131n kas\u0131t veya k\u00f6t\u00fc niyetli hareketle suistimal etmelerini poli\u00e7ede yaz\u0131l\u0131 limitlere kadar tazmin etmektedir.<\/p><\/div><\/div><\/div><div class=\"ea-card sp-ea-single\"><h3 class=\"ea-header\"><a class=\"collapsed\" id=\"ea-header-4073\" role=\"button\" data-sptoggle=\"spcollapse\" data-sptarget=\"#collapse4073\" aria-controls=\"collapse4073\" href=\"#\" aria-expanded=\"false\" tabindex=\"0\"><i aria-hidden=\"true\" role=\"presentation\" class=\"ea-expand-icon eap-icon-ea-expand-plus\"><\/i> Mesleki Sorumluluk Sigortalar\u0131<\/a><\/h3><div class=\"sp-collapse spcollapse \" id=\"collapse4073\" data-parent=\"#sp-ea-407\" role=\"region\" aria-labelledby=\"ea-header-4073\"> <div class=\"ea-body\"><p>Tazminat \u00f6deme g\u00fcc\u00fc, sigortal\u0131lar\u0131na y\u00fcksek teminat limitleri sunabilme olana\u011f\u0131 sa\u011flamaktad\u0131r. Sigortal\u0131lar\u0131m\u0131z lokal poli\u00e7eler temin edebildikleri gibi, ihtiya\u00e7lar\u0131 do\u011frultusunda t\u00fcm d\u00fcnyada ge\u00e7erli teminat kapsam\u0131na da sahip olabilmektedirler.<\/p><\/div><\/div><\/div><div class=\"ea-card sp-ea-single\"><h3 class=\"ea-header\"><a class=\"collapsed\" id=\"ea-header-4074\" role=\"button\" data-sptoggle=\"spcollapse\" data-sptarget=\"#collapse4074\" aria-controls=\"collapse4074\" href=\"#\" aria-expanded=\"false\" tabindex=\"0\"><i aria-hidden=\"true\" role=\"presentation\" class=\"ea-expand-icon eap-icon-ea-expand-plus\"><\/i> Ta\u015f\u0131nan Para Sigortas\u0131<\/a><\/h3><div class=\"sp-collapse spcollapse \" id=\"collapse4074\" data-parent=\"#sp-ea-407\" role=\"region\" aria-labelledby=\"ea-header-4074\"> <div class=\"ea-body\"><p>Sigortal\u0131n\u0131n bordrolu olarak \u00e7al\u0131\u015ft\u0131rd\u0131\u011f\u0131, vazifeli personeli taraf\u0131ndan T\u00fcrkiye Cumhuriyeti hudutlar\u0131 dahilinde i\u015fyeri ile bankalar ve di\u011fer m\u00fcesseseler aras\u0131nda muhafaza ve sevk edilecek, sigorta ettirene ait \u00e7ek, senet, esham ve tahvilat ve benzeri k\u0131ymetli evrak \u015fartlar gere\u011fince teminat alt\u0131na al\u0131nmaktad\u0131r.<\/p><\/div><\/div><\/div><div class=\"ea-card sp-ea-single\"><h3 class=\"ea-header\"><a class=\"collapsed\" id=\"ea-header-4075\" role=\"button\" data-sptoggle=\"spcollapse\" data-sptarget=\"#collapse4075\" aria-controls=\"collapse4075\" href=\"#\" aria-expanded=\"false\" tabindex=\"0\"><i aria-hidden=\"true\" role=\"presentation\" class=\"ea-expand-icon eap-icon-ea-expand-plus\"><\/i> Y\u00f6netici Sorumluluk Sigortas\u0131<\/a><\/h3><div class=\"sp-collapse spcollapse \" id=\"collapse4075\" data-parent=\"#sp-ea-407\" role=\"region\" aria-labelledby=\"ea-header-4075\"> <div class=\"ea-body\"><div class=\"elementor-element elementor-element-f16a6fd elementor-widget elementor-widget-mfn_accordion\" data-id=\"f16a6fd\" data-element_type=\"widget\" data-widget_type=\"mfn_accordion.default\"><div class=\"elementor-widget-container\"><div class=\"accordion\"><div class=\"mfn-acc accordion_wrapper \"><div class=\"question active\" role=\"link\"><div class=\"answer\"><p>Y\u00f6netici sorumluluk sigortas\u0131, \u015firketin ve i\u015ftiraklerinin y\u00f6netim kurulu \u00fcyelerinin, y\u00f6neticilerinin ve m\u00fcd\u00fcrlerinin y\u00f6netici ve m\u00fcd\u00fcr\u00fc vasf\u0131 ile g\u00f6revlerini yerine getirirlerken yapt\u0131klar\u0131 hatalar nedeniyle olu\u015fan hasarlar\u0131 poli\u00e7e kapsam\u0131 dahilinde kar\u015f\u0131lamaktad\u0131r.<\/p><\/div><\/div><\/div><\/div><\/div><\/div><section class=\"elementor-section elementor-inner-section elementor-element elementor-element-5ef067e elementor-section-boxed elementor-section-height-default elementor-section-height-default\" data-id=\"5ef067e\" data-element_type=\"section\"><div class=\"elementor-container elementor-column-gap-default\"><div class=\"elementor-column elementor-col-100 elementor-inner-column elementor-element elementor-element-2dea8c9\" data-id=\"2dea8c9\" data-element_type=\"column\"><div class=\"elementor-widget-wrap elementor-element-populated\"><div class=\"elementor-element elementor-element-1f63503 elementor-widget elementor-widget-spacer\" data-id=\"1f63503\" data-element_type=\"widget\" data-widget_type=\"spacer.default\"><div class=\"elementor-widget-container\"><div class=\"elementor-spacer\"><\/div><\/div><\/div><\/div><\/div><\/div><\/section><\/div><\/div><\/div><\/div><\/div><\/div>","protected":false},"excerpt":{"rendered":"","protected":false},"author":1,"featured_media":0,"parent":0,"menu_order":0,"comment_status":"closed","ping_status":"closed","template":"","meta":{"footnotes":""},"class_list":["post-410","page","type-page","status-publish","hentry"],"_links":{"self":[{"href":"https:\/\/sigorta.nesiblog.com\/index.php?rest_route=\/wp\/v2\/pages\/410","targetHints":{"allow":["GET"]}}],"collection":[{"href":"https:\/\/sigorta.nesiblog.com\/index.php?rest_route=\/wp\/v2\/pages"}],"about":[{"href":"https:\/\/sigorta.nesiblog.com\/index.php?rest_route=\/wp\/v2\/types\/page"}],"author":[{"embeddable":true,"href":"https:\/\/sigorta.nesiblog.com\/index.php?rest_route=\/wp\/v2\/users\/1"}],"replies":[{"embeddable":true,"href":"https:\/\/sigorta.nesiblog.com\/index.php?rest_route=%2Fwp%2Fv2%2Fcomments&post=410"}],"version-history":[{"count":1,"href":"https:\/\/sigorta.nesiblog.com\/index.php?rest_route=\/wp\/v2\/pages\/410\/revisions"}],"predecessor-version":[{"id":411,"href":"https:\/\/sigorta.nesiblog.com\/index.php?rest_route=\/wp\/v2\/pages\/410\/revisions\/411"}],"wp:attachment":[{"href":"https:\/\/sigorta.nesiblog.com\/index.php?rest_route=%2Fwp%2Fv2%2Fmedia&parent=410"}],"curies":[{"name":"wp","href":"https:\/\/api.w.org\/{rel}","templated":true}]}}