{"id":414,"date":"2025-03-10T13:33:59","date_gmt":"2025-03-10T10:33:59","guid":{"rendered":"https:\/\/sigorta.nesiblog.com\/?page_id=414"},"modified":"2025-03-10T13:34:00","modified_gmt":"2025-03-10T10:34:00","slug":"seyahat-sigortasi","status":"publish","type":"page","link":"https:\/\/sigorta.nesiblog.com\/?page_id=414","title":{"rendered":"Seyahat\u00a0Sigortas\u0131"},"content":{"rendered":"\n<p><strong>Seyahat sigortas\u0131<\/strong>&nbsp;hem yurt i\u00e7i, hem yurt d\u0131\u015f\u0131 seyahatlerinizde kar\u015f\u0131la\u015fabilece\u011finiz hastal\u0131k, kaza, valiz kayb\u0131 gibi riskleri g\u00fcvence alt\u0131na<\/p>\n\n\n\n<p>alan bir sigorta \u00e7e\u015fididir.&nbsp;Yurtd\u0131\u015f\u0131 seyahat sigortas\u0131, \u00f6zelikle Avrupa \u00fclkeleri vize i\u015flemlerinin bir \u00f6nko\u015fulu olmas\u0131 &nbsp;nedeniyle (Schengen<\/p>\n\n\n\n<p>vizesi) \u201c<strong>vize sigortas\u0131<\/strong>\u201dolarak da bilinir. Seyahat sigortas\u0131 \u00e7e\u015fitleri;<\/p>\n\n\n\n<ul class=\"wp-block-list\">\n<li>Yurti\u00e7i Seyahat Sigortas\u0131<\/li>\n\n\n\n<li>Yurd\u0131\u015f\u0131 Seyahat Sigortas\u0131<\/li>\n\n\n\n<li>E\u011fitim\u00a0Seyahat Sigortas\u0131<\/li>\n<\/ul>\n\n\n\n<p>T\u00fcm seyahat \u00fcr\u00fcnlerimize ekleyebilece\u011finiz, \u201cKayak Sporu Teminat\u0131\u201d ile kendinizi ve t\u00fcm sevdiklerinizi&nbsp;amat\u00f6r kayak sporu kazalar\u0131na kar\u015f\u0131 koruma alt\u0131na alabilirsiniz.<\/p>\n","protected":false},"excerpt":{"rendered":"<p>Seyahat sigortas\u0131&nbsp;hem yurt i\u00e7i, hem yurt d\u0131\u015f\u0131 seyahatlerinizde kar\u015f\u0131la\u015fabilece\u011finiz hastal\u0131k, kaza, valiz kayb\u0131 gibi riskleri g\u00fcvence alt\u0131na alan bir sigorta \u00e7e\u015fididir.&nbsp;Yurtd\u0131\u015f\u0131 seyahat sigortas\u0131, \u00f6zelikle Avrupa \u00fclkeleri vize i\u015flemlerinin bir \u00f6nko\u015fulu olmas\u0131 &nbsp;nedeniyle (Schengen vizesi) \u201cvize sigortas\u0131\u201dolarak da bilinir. Seyahat sigortas\u0131<\/p>\n","protected":false},"author":1,"featured_media":416,"parent":0,"menu_order":0,"comment_status":"closed","ping_status":"closed","template":"","meta":{"footnotes":""},"class_list":["post-414","page","type-page","status-publish","has-post-thumbnail","hentry"],"_links":{"self":[{"href":"https:\/\/sigorta.nesiblog.com\/index.php?rest_route=\/wp\/v2\/pages\/414","targetHints":{"allow":["GET"]}}],"collection":[{"href":"https:\/\/sigorta.nesiblog.com\/index.php?rest_route=\/wp\/v2\/pages"}],"about":[{"href":"https:\/\/sigorta.nesiblog.com\/index.php?rest_route=\/wp\/v2\/types\/page"}],"author":[{"embeddable":true,"href":"https:\/\/sigorta.nesiblog.com\/index.php?rest_route=\/wp\/v2\/users\/1"}],"replies":[{"embeddable":true,"href":"https:\/\/sigorta.nesiblog.com\/index.php?rest_route=%2Fwp%2Fv2%2Fcomments&post=414"}],"version-history":[{"count":1,"href":"https:\/\/sigorta.nesiblog.com\/index.php?rest_route=\/wp\/v2\/pages\/414\/revisions"}],"predecessor-version":[{"id":415,"href":"https:\/\/sigorta.nesiblog.com\/index.php?rest_route=\/wp\/v2\/pages\/414\/revisions\/415"}],"wp:featuredmedia":[{"embeddable":true,"href":"https:\/\/sigorta.nesiblog.com\/index.php?rest_route=\/wp\/v2\/media\/416"}],"wp:attachment":[{"href":"https:\/\/sigorta.nesiblog.com\/index.php?rest_route=%2Fwp%2Fv2%2Fmedia&parent=414"}],"curies":[{"name":"wp","href":"https:\/\/api.w.org\/{rel}","templated":true}]}}