{"id":420,"date":"2025-03-10T13:35:47","date_gmt":"2025-03-10T10:35:47","guid":{"rendered":"https:\/\/sigorta.nesiblog.com\/?page_id=420"},"modified":"2025-03-10T13:35:48","modified_gmt":"2025-03-10T10:35:48","slug":"ticari-alacakli-sigortasi","status":"publish","type":"page","link":"https:\/\/sigorta.nesiblog.com\/?page_id=420","title":{"rendered":"Ticari Alacakl\u0131\u00a0Sigortas\u0131"},"content":{"rendered":"\n<p>Alacak sigortas\u0131, i\u015finizi ticari bor\u00e7lar\u0131n \u00f6denmemesi riskine kar\u015f\u0131 korur. Faturalar\u0131n\u0131z\u0131n \u00f6denmesini temin eder, ticari faaliyetlerin getirdi\u011fi kurumsal ve siyasi riskleri g\u00fcvenilir bir \u015fekilde y\u00f6netmenizi sa\u011flar.<\/p>\n\n\n\n<p>Ticari bir&nbsp;alaca\u011f\u0131n \u00f6denmemesine ba\u011fl\u0131 olarak&nbsp;ortaya \u00e7\u0131kabilecek&nbsp;kay\u0131plar\u0131 tazmin eden alacak sigortas\u0131n\u0131n nihai amac\u0131, faaliyetlerinizi&nbsp;b\u00fcy\u00fck \u00f6l\u00e7ekli&nbsp;kay\u0131plardan korumak ve k\u00e2rl\u0131 bir \u015fekilde b\u00fcy\u00fcmesine yard\u0131mc\u0131 olmakt\u0131r. Temel olan, \u015firketler,&nbsp;sekt\u00f6r ve ekonomik&nbsp;trendler&nbsp;hakk\u0131nda g\u00fcncel veriye sahip olarak bilgiye dayal\u0131 kredi kararlar\u0131 almak, kay\u0131plar\u0131n \u00f6n\u00fcne ge\u00e7mek ve onlar\u0131 asgariye indirmektir.<\/p>\n\n\n\n<p>\u00d6denmeyen faturalar bir \u015firketin varl\u0131klar\u0131n\u0131n y\u00fczde 35\u2019i kadar\u0131n\u0131 olu\u015fturabilmekte, tahsil&nbsp;edilememeleri&nbsp;durumunda ise&nbsp;b\u00fcy\u00fck zararlara neden&nbsp;olmaktad\u0131r. M\u00fc\u015fterilerinizin \u00f6deme&nbsp;g\u00fcc\u00fcne dair yetersiz bilgi, \u00f6denmeyen faturalar\u0131n temel nedenidir.<\/p>\n\n\n\n<p>Bilgi birikimimiz, do\u011fru m\u00fc\u015fteriyi, do\u011fru pazarlar\u0131 ve kredi limitlerini tayin etmenize yard\u0131mc\u0131 olmakta;&nbsp;ticari&nbsp;alacaklar\u0131n \u00f6denmemesi riskini ortadan&nbsp;kald\u0131rarak asgariye indirmektedir. Sonu\u00e7 itibar\u0131 ile, mevcut m\u00fc\u015fterilerinize daha \u00e7ok kredi limiti tan\u0131mlayabilecek&nbsp;ve&nbsp;normal ko\u015fullarda daha&nbsp;riskli&nbsp;alg\u0131layaca\u011f\u0131n\u0131z yeni ve daha b\u00fcy\u00fck m\u00fc\u015fterilere&nbsp;eri\u015fmeyi&nbsp;hedefleyen&nbsp;\u00e7al\u0131\u015fmalar\u0131n\u0131zda&nbsp;\u00e7ok daha g\u00fcvenli&nbsp;bir \u015fekilde hareket edebileceksiniz.<\/p>\n\n\n\n<p>M\u00fc\u015fterileriniz \u00f6deme yapmazsa, sigortalanm\u0131\u015f faturalar\u0131n&nbsp;bedelini&nbsp;size \u00f6deyerek&nbsp;&nbsp;bor\u00e7 tahsilat\u0131&nbsp;ile biz ilgilenece\u011fiz.<\/p>\n\n\n\n<p>A\u00e7\u0131k hesap&nbsp;\u00e7al\u0131\u015fan herhangi bir \u015firket&nbsp;alacak sigortas\u0131ndan faydalanabilmektedir. M\u00fc\u015fterilerimiz aras\u0131nda her sekt\u00f6rden ve&nbsp;\u00f6l\u00e7ekten \u015firket bulunmaktad\u0131r. Aralar\u0131nda&nbsp;hizmet ve&nbsp;mal&nbsp;ticaretinin de&nbsp;yer ald\u0131\u011f\u0131&nbsp;\u00e7ok say\u0131da&nbsp;farkl\u0131 sekt\u00f6rden&nbsp;firma,&nbsp;i\u015flerinin&nbsp;ba\u015far\u0131s\u0131nda alacak sigortas\u0131ndan yararlanmaktad\u0131r.<\/p>\n","protected":false},"excerpt":{"rendered":"<p>Alacak sigortas\u0131, i\u015finizi ticari bor\u00e7lar\u0131n \u00f6denmemesi riskine kar\u015f\u0131 korur. Faturalar\u0131n\u0131z\u0131n \u00f6denmesini temin eder, ticari faaliyetlerin getirdi\u011fi kurumsal ve siyasi riskleri g\u00fcvenilir bir \u015fekilde y\u00f6netmenizi sa\u011flar. Ticari bir&nbsp;alaca\u011f\u0131n \u00f6denmemesine ba\u011fl\u0131 olarak&nbsp;ortaya \u00e7\u0131kabilecek&nbsp;kay\u0131plar\u0131 tazmin eden alacak sigortas\u0131n\u0131n nihai amac\u0131, faaliyetlerinizi&nbsp;b\u00fcy\u00fck \u00f6l\u00e7ekli&nbsp;kay\u0131plardan korumak<\/p>\n","protected":false},"author":1,"featured_media":421,"parent":0,"menu_order":0,"comment_status":"closed","ping_status":"closed","template":"","meta":{"footnotes":""},"class_list":["post-420","page","type-page","status-publish","has-post-thumbnail","hentry"],"_links":{"self":[{"href":"https:\/\/sigorta.nesiblog.com\/index.php?rest_route=\/wp\/v2\/pages\/420","targetHints":{"allow":["GET"]}}],"collection":[{"href":"https:\/\/sigorta.nesiblog.com\/index.php?rest_route=\/wp\/v2\/pages"}],"about":[{"href":"https:\/\/sigorta.nesiblog.com\/index.php?rest_route=\/wp\/v2\/types\/page"}],"author":[{"embeddable":true,"href":"https:\/\/sigorta.nesiblog.com\/index.php?rest_route=\/wp\/v2\/users\/1"}],"replies":[{"embeddable":true,"href":"https:\/\/sigorta.nesiblog.com\/index.php?rest_route=%2Fwp%2Fv2%2Fcomments&post=420"}],"version-history":[{"count":1,"href":"https:\/\/sigorta.nesiblog.com\/index.php?rest_route=\/wp\/v2\/pages\/420\/revisions"}],"predecessor-version":[{"id":422,"href":"https:\/\/sigorta.nesiblog.com\/index.php?rest_route=\/wp\/v2\/pages\/420\/revisions\/422"}],"wp:featuredmedia":[{"embeddable":true,"href":"https:\/\/sigorta.nesiblog.com\/index.php?rest_route=\/wp\/v2\/media\/421"}],"wp:attachment":[{"href":"https:\/\/sigorta.nesiblog.com\/index.php?rest_route=%2Fwp%2Fv2%2Fmedia&parent=420"}],"curies":[{"name":"wp","href":"https:\/\/api.w.org\/{rel}","templated":true}]}}