{"id":423,"date":"2025-03-10T13:36:29","date_gmt":"2025-03-10T10:36:29","guid":{"rendered":"https:\/\/sigorta.nesiblog.com\/?page_id=423"},"modified":"2025-03-10T14:13:28","modified_gmt":"2025-03-10T11:13:28","slug":"kefalet-sigortasi","status":"publish","type":"page","link":"https:\/\/sigorta.nesiblog.com\/?page_id=423","title":{"rendered":"Kefalet\u00a0Sigortas\u0131"},"content":{"rendered":"\n<p><strong>KEFALET S\u0130GORTASI NED\u0130R?<\/strong><\/p>\n\n\n\n<p>Belirli mal veya hizmet sundu\u011funuz al\u0131c\u0131lar\u0131n\u0131z, onlarla yapt\u0131\u011f\u0131n\u0131z s\u00f6zle\u015fmelerdeki \u015fartlar\u0131 yerine getirece\u011finize emin olmak ad\u0131na, sizden yaz\u0131l\u0131 garanti veya teminat talep etmektedir.<\/p>\n\n\n\n<p>Sonu\u00e7 itibar\u0131 ile y\u00fcklenici taraf, i\u015fi zaman\u0131nda tamamlayamaz veya ta\u015f\u0131d\u0131\u011f\u0131 mallar\u0131 zaman\u0131nda teslim edemez ise, s\u00f6z konusu i\u015f \u2013 zaman kayb\u0131, \u00f6demeler ile ilgili problemler veya finansal zararlar- gibi bir\u00e7ok etkenden dolay\u0131 beklenenden pahal\u0131 bir hale gelebilir.<\/p>\n\n\n\n<p>Kefalet Sigortas\u0131 teminat\u0131 \u00fc\u00e7\u00fcnc\u00fc taraflara kar\u015f\u0131 do\u011facak y\u00fck\u00fcml\u00fcl\u00fckleriniz ile ilgili size \u00e7ok \u00e7e\u015fitli garanti se\u00e7enekleri sunmaktad\u0131r. S\u00f6zle\u015fmelerinizden do\u011fan y\u00fck\u00fcml\u00fcl\u00fckleriniz ise size sunaca\u011f\u0131 kefalet senetlerinin t\u00fcrlerini olu\u015fturacakt\u0131r.&nbsp;Sigortac\u0131 bu i\u015fte tamamen ba\u011f\u0131ms\u0131z bir garant\u00f6r \u015feklinde hareket etmektedir.<\/p>\n\n\n\n<p>Aslen, y\u00fcklenicinin iflas\u0131ndan \u00f6t\u00fcr\u00fc y\u00fck\u00fcml\u00fcl\u00fc\u011f\u00fcn\u00fc yerine getirememesi durumunda, \u0130\u015fveren kefalet senedinin tutar\u0131 kadar zarar\u0131n\u0131 kefalet sigortas\u0131 poli\u00e7esi ile temin edebilme \u015fans\u0131na sahiptir.<\/p>\n\n\n\n<p><strong>BANKALARDAKI KRED\u0130 L\u0130M\u0130T\u0130N\u0130Z\u0130 RAHATLATIN\u2026<\/strong><\/p>\n\n\n\n<p>Teminat i\u00e7in Kefalet Sigortas\u0131\u2019n\u0131 se\u00e7ti\u011finiz zaman, bankalardaki kredi limitlerinizi kullanmak zorunda kalmayaca\u011f\u0131n\u0131zdan, i\u015finizi b\u00fcy\u00fctmek i\u00e7in ek kaynaklar yaratm\u0131\u015f olacaks\u0131n\u0131z. B\u00f6ylece, teminat alabilmek i\u00e7in bankalar nezdindeki kredi limitlerinizi bloke ettirmek yerine, onlar\u0131 i\u015finiz i\u00e7in kullanabilirsiniz.<\/p>\n","protected":false},"excerpt":{"rendered":"<p>KEFALET S\u0130GORTASI NED\u0130R? Belirli mal veya hizmet sundu\u011funuz al\u0131c\u0131lar\u0131n\u0131z, onlarla yapt\u0131\u011f\u0131n\u0131z s\u00f6zle\u015fmelerdeki \u015fartlar\u0131 yerine getirece\u011finize emin olmak ad\u0131na, sizden yaz\u0131l\u0131 garanti veya teminat talep etmektedir. Sonu\u00e7 itibar\u0131 ile y\u00fcklenici taraf, i\u015fi zaman\u0131nda tamamlayamaz veya ta\u015f\u0131d\u0131\u011f\u0131 mallar\u0131 zaman\u0131nda teslim edemez ise,<\/p>\n","protected":false},"author":1,"featured_media":424,"parent":0,"menu_order":0,"comment_status":"closed","ping_status":"closed","template":"","meta":{"footnotes":""},"class_list":["post-423","page","type-page","status-publish","has-post-thumbnail","hentry"],"_links":{"self":[{"href":"https:\/\/sigorta.nesiblog.com\/index.php?rest_route=\/wp\/v2\/pages\/423","targetHints":{"allow":["GET"]}}],"collection":[{"href":"https:\/\/sigorta.nesiblog.com\/index.php?rest_route=\/wp\/v2\/pages"}],"about":[{"href":"https:\/\/sigorta.nesiblog.com\/index.php?rest_route=\/wp\/v2\/types\/page"}],"author":[{"embeddable":true,"href":"https:\/\/sigorta.nesiblog.com\/index.php?rest_route=\/wp\/v2\/users\/1"}],"replies":[{"embeddable":true,"href":"https:\/\/sigorta.nesiblog.com\/index.php?rest_route=%2Fwp%2Fv2%2Fcomments&post=423"}],"version-history":[{"count":2,"href":"https:\/\/sigorta.nesiblog.com\/index.php?rest_route=\/wp\/v2\/pages\/423\/revisions"}],"predecessor-version":[{"id":445,"href":"https:\/\/sigorta.nesiblog.com\/index.php?rest_route=\/wp\/v2\/pages\/423\/revisions\/445"}],"wp:featuredmedia":[{"embeddable":true,"href":"https:\/\/sigorta.nesiblog.com\/index.php?rest_route=\/wp\/v2\/media\/424"}],"wp:attachment":[{"href":"https:\/\/sigorta.nesiblog.com\/index.php?rest_route=%2Fwp%2Fv2%2Fmedia&parent=423"}],"curies":[{"name":"wp","href":"https:\/\/api.w.org\/{rel}","templated":true}]}}